{"id":55,"date":"2022-08-23T17:03:13","date_gmt":"2022-08-23T15:03:13","guid":{"rendered":"https:\/\/humanbrainmap.it\/?page_id=55"},"modified":"2023-01-17T15:54:05","modified_gmt":"2023-01-17T13:54:05","slug":"pubblications","status":"publish","type":"page","link":"https:\/\/humanbrainmap.it\/?page_id=55","title":{"rendered":"Pubblications"},"content":{"rendered":"\n<p><\/p>\n\n\n\n<ul class=\"wp-block-list\">\n<li>Chung C, Yang X, Bae T, Vong KI, Mittal S, Donkels C, Westley Phillips H, Li Z, Marsh APL, Breuss MW, Ball LL, Garcia CAB, George RD, Gu J, Xu M, Barrows C, James KN, Stanley V, Nidhiry AS, Khoury S, Howe G, Riley E, Xu X, Copeland B, Wang Y, Kim SH, Kang HC, Schulze-Bonhage A, Haas CA, Urbach H, Prinz M, Limbrick DD Jr, Gurnett CA, Smyth MD, Sattar S, Nespeca M, Gonda DD, Imai K, Takahashi Y, Chen HH, Tsai JW, Conti V, Guerrini R, Devinsky O, Silva WA Jr, Machado HR, Mathern GW, Abyzov A, Baldassari S, Baulac S; Focal Cortical Dysplasia Neurogenetics Consortium; Brain Somatic Mosaicism Network; Gleeson JG. Comprehensive multi-omic profiling of somatic mutations in malformations of cortical development.  Nat Genet.\u00a02023 Jan 12.\u00a0doi: 10.1038\/s41588-022-01276-9.\u00a0Online ahead of print.<\/li>\n\n\n\n<li>Ramond F, Dalgliesh C, Grimmel M, Wechsberg O, Vetro A, Guerrini R, FitzPatrick D, Poole RL, Lebrun M, Bayat A, Grasshoff U, Bertrand M, Witt D, Turnpenny PD, Faundes V, Mar\u00eda LS, Fuentes CM, Mabe P, Hussain SA, Mullegama SV, Torti E, Oehl-Jaschkowitz B, Salmon LB, Orenstein N, Shahar NR, Hagari O, Bazak L, Hoffjan S, Prada CE, Haack T, Elliott DJ. Clustered variants in the 5&#8242; coding region of TRA2B cause a distinctive neurodevelopmental syndrome.  Genet Med .\u00a02022 Dec 19;100003.\u00a0doi: 10.1016\/j.gim.2022.100003.\u00a0Online ahead of print.<\/li>\n\n\n\n<li>Barba C, Blumcke I, Winawer MR, Hartlieb T, Kang HC, Grisotto L, Chipaux M, Bien CG, He\u0159manovsk\u00e1 B, Porter BE, Lidov HGW, Cetica V, Woermann FG, Lopez-Rivera JA, Canoll PD, Mader I, D&#8217;Incerti L, Baldassari S, Yang E, Gaballa A, Vogel H, Benova B, Macconi L, Polster T, Grant GA, Krskov\u00e1 L, Shin HJ, Ko A, Crino PB, Krsek P, Lee JH, Lal D, Baulac S, Poduri A, Guerrini R. Clinical Features, Neuropathology, and Surgical Outcome in Patients With Refractory Epilepsy and Brain Somatic Variants in the\u00a0<em>SLC35A2<\/em>\u00a0Gene. Neurology<a href=\"https:\/\/pubmed.ncbi.nlm.nih.gov\/36307217\/#\"><\/a>.\u00a02022 Oct 28;10.1212\/WNL.0000000000201471.\u00a0doi: 10.1212\/WNL.0000000000201471.\u00a0Online ahead of print.<\/li>\n\n\n\n<li>Guerrini R, Conti V, Mantegazza M, Balestrini S, Galanopoulou AS, Benfenati F. Developmental and epileptic encephalopathies: from genetic heterogeneity to phenotypic continuum. Physiol Rev.<a href=\"https:\/\/pubmed.ncbi.nlm.nih.gov\/?sort=date&amp;term=%22Physiol+Rev%22%5Bjour%5D&amp;sort_order=desc\"><\/a><a href=\"https:\/\/www.ncbi.nlm.nih.gov\/nlmcatalog?sort=date&amp;term=%22Physiol+Rev%22%5BTitle+Abbreviation%5D\"><\/a>\u00a02023;103:433-513.\u00a0doi: 10.1152\/physrev.00063.2021.<\/li>\n\n\n\n<li>Turrini, L., Sorelli, M., de Vito, G., Credi, C., Tiso, N., Vanzi, F., &amp; Pavone, F. S. (2022). Multimodal Characterization of Seizures in Zebrafish Larvae. <em>Biomedicines<\/em>, <em>10<\/em>(5), 951.<\/li>\n\n\n\n<li>Scaglione, A., Conti, E., Allegra Mascaro, A. L., &amp; Pavone, F. S. (2022). Tracking the effect of therapy with single-trial based classification after stroke. <em>Frontiers in Systems Neuroscience<\/em>, 41.<\/li>\n\n\n\n<li>Guerrini R, Mei D, Kerti-Szigeti K, Pepe S, Koenig MK, Von Allmen G, Cho MT, McDonald K, Baker J, Bhambhani V, Powis Z, Rodan L, Nabbout R, Barcia G, Rosenfeld JA, Bacino CA, Mignot C, Power LH, Harris CJ, Marjanovic D, M\u00f8ller RS, Hammer TB; DDD Study, Keski Filppula R, Vieira P, Hildebrandt C, Sacharow S; Undiagnosed Diseases Network, Maragliano L, Benfenati F, Lachlan K, Benneche A, Petit F, de Sainte Agathe JM, Hallinan B, Si Y, Wentzensen IM, Zou F, Narayanan V, Matsumoto N, Boncristiano A, la Marca G, Kato M, Anderson K, Barba C, Sturiale L, Garozzo D, Bei R; ATP6V1A collaborators, Masuelli L, Conti V, Novarino G, Fassio A. Phenotypic and genetic spectrum of ATP6V1A encephalopathy: a disorder of lysosomal homeostasis. Brain. 2022;145:2687-2703. doi: 10.1093\/brain\/awac145.<\/li>\n\n\n\n<li>L. Pesce, M. Scardigli, V. Gavryusev, A. Laurino, G. Mazzamuto, N. Brady, G. Sancataldo, L. Silvestri, C. Destrieux, P. Hof, I. Costantini\u2020 and F. S. Pavone \u201c3D molecular phenotyping of cleared human brain tissues with light-sheet fluorescence microscopy\u201d, Communication Biology, 5, 447 (2022). https:\/\/doi.org\/10.1038\/s42003-022-03390-0<\/li>\n\n\n\n<li>Ahmed Abdelfattah, Sapna Ahuja, Taner Akkin, Srinivasa Rao Allu, David A. Boas, Joshua Brake, Erin M. Buckley, Robert E. Campbell, Anderson I. Chen, Xiaojun Cheng, Tom\u00e1\u0161 Ci\u017em\u00e1r, Irene Costantini, Massimo De Vittorio, Anna Devor, Patrick R. Doran, Mirna El Khatib, Valentina Emiliani, Natalie Fomin-Thunemann, Yeshaiahu Fainman, Tom\u00e1s Fern\u00e1ndez Alfonso, Christopher G. L. Ferri, Ariel Gilad, Xue Han, Andrew Harris, Elizabeth M. C. Hillman, Ute Hochgeschwender, Matthew G. Holt, Na Ji, Kivilcim Kili\u00e7, Evelyn M. R. Lake, Lei Li, Tianqi Li, Philipp M\u00e4chler, Rickson C. Mesquita, Evan W. Miller, K.M. Naga Srinivas Nadella, U. Valentin N\u00e4gerl, Yusuke Nasu, Axel Nimmerjahn, Petra Ondr\u00e1ckov\u00e1, Francesco S. Pavone, Citlali Perez Campos, Darcy S. Peterka, Filippo Pisano, Ferruccio Pisanello, Francesca Puppo, Bernardo L. Sabatini, Sanaz Sadegh, Sava Sakad\u017eic, Shy Shoham, Sanaya N. Shroff, R. Angus Silver, Ruth R. Sims, Spencer L. Smith, Vivek J. Srinivasan, Martin Thunemann, Lei Tian, Lin Tian, Thomas Troxler, Antoine Valera, Alipasha Vaziri, Sergei A. Vinogradov, Flavia Vitale, Lihong V. Wang, Hana Uhl\u00ed\u0159ov\u00e1, Chris Xu, Changhuei Yang, Mu-Han Yang, Gary Yellen, Ofer Yizhar, Yongxin Zhao. &#8220;Neurophotonic tools for microscopic measurements and manipulation: status report,&#8221; Neurophoton. 9(S1) 013001 (27 April 2022)<\/li>\n\n\n\n<li>M. Scardigli, L. Pesce, N. Brady, G. Mazzamuto, V. Gavryusev, L. Silvestri, P. R Hof, C. Destrieux, I. Costantini and F. S. Pavone \u201cComparison of different tissue clearing methods for 3D reconstruction of human brain cellular anatomy using advanced imaging techniques\u201d. Frontiers in Neuroanatomy 2021<\/li>\n\n\n\n<li>L.Pesce, A. Laurino, M. Scardigli, J. Yang, D. A. Boas, P. R. Hof, C. Destrieux, I. Costantini, F. S. Pavone, \u201cExploring the human cerebral cortex using confocal microscopy\u201d ISSN 0079-6107, Progress in Biophysics and Molecular Biology, 2021<\/li>\n\n\n\n<li>L. Silvestri, M. C. M\u00fcllenbroich, I. Costantini, A. P. Di Giovanna, G. Mazzamuto, A. Franceschini, D. Kutra, A. Kreshuk, C. Checcucci, L. O. Toresano, P. Frasconi, L. Sacconi, and F. S. Pavone \u201cUniversal autofocus for quantitative volumetric microscopy of whole mouse brains\u201d Nature Methods, 2021<\/li>\n\n\n\n<li>Costantini, I., Baria, E., Sorelli, M., Matuschke, F., Giardini, F., Menzel, M., Mazzamuto, G., Silvestri, L., Cicchi, R., Amunts, K., Axer, M., and Pavone, F. S. (2021). Autofluorescence enhancement for label-free imaging of myelinated fibers in mammalian brains. <em>Scientific reports<\/em>, <em>11<\/em>(1), 1-11.<\/li>\n<\/ul>\n\n\n\n<ul class=\"wp-block-list\">\n<li>Lionetti V, Bollini S, Coppini R, Gerbino A, Ghigo A, Iaccarino G, Madonna R, Mangiacapra F, Miragoli M, Moccia F, Munaron L, Pagliaro P, Parenti A, Pasqua T, Penna C, Quaini F, Rocca C, Samaja M, Sartiani L, Soda T, Tocchetti CG, Angelone T. Understanding the heart-brain axis response in COVID-19 patients: A suggestive perspective for therapeutic development. Pharmacol Res. 2021 Jun;168:105581. doi: 10.1016\/j.phrs.2021.105581. Epub 2021 Mar 26. PMID: 33781873; PMCID: PMC7997688.<\/li>\n<\/ul>\n","protected":false},"excerpt":{"rendered":"","protected":false},"author":2,"featured_media":0,"parent":0,"menu_order":9,"comment_status":"closed","ping_status":"closed","template":"","meta":{"_editorskit_title_hidden":false,"_editorskit_reading_time":4,"_editorskit_is_block_options_detached":false,"_editorskit_block_options_position":"{}","_themeisle_gutenberg_block_has_review":false,"footnotes":""},"class_list":["post-55","page","type-page","status-publish","hentry","grid-sizer"],"_links":{"self":[{"href":"https:\/\/humanbrainmap.it\/index.php?rest_route=\/wp\/v2\/pages\/55","targetHints":{"allow":["GET"]}}],"collection":[{"href":"https:\/\/humanbrainmap.it\/index.php?rest_route=\/wp\/v2\/pages"}],"about":[{"href":"https:\/\/humanbrainmap.it\/index.php?rest_route=\/wp\/v2\/types\/page"}],"author":[{"embeddable":true,"href":"https:\/\/humanbrainmap.it\/index.php?rest_route=\/wp\/v2\/users\/2"}],"replies":[{"embeddable":true,"href":"https:\/\/humanbrainmap.it\/index.php?rest_route=%2Fwp%2Fv2%2Fcomments&post=55"}],"version-history":[{"count":6,"href":"https:\/\/humanbrainmap.it\/index.php?rest_route=\/wp\/v2\/pages\/55\/revisions"}],"predecessor-version":[{"id":452,"href":"https:\/\/humanbrainmap.it\/index.php?rest_route=\/wp\/v2\/pages\/55\/revisions\/452"}],"wp:attachment":[{"href":"https:\/\/humanbrainmap.it\/index.php?rest_route=%2Fwp%2Fv2%2Fmedia&parent=55"}],"curies":[{"name":"wp","href":"https:\/\/api.w.org\/{rel}","templated":true}]}}